{"id":55,"date":"2020-11-21T18:16:55","date_gmt":"2020-11-21T17:16:55","guid":{"rendered":"http:\/\/neigierisch.de\/kirchen-ev\/?page_id=55"},"modified":"2021-01-19T18:23:09","modified_gmt":"2021-01-19T17:23:09","slug":"kirchkreis-obere-nahe","status":"publish","type":"page","link":"https:\/\/neigierisch.de\/kirchen-ev\/kirchkreis-obere-nahe\/","title":{"rendered":"Kirchenkreis Obere Nahe"},"content":{"rendered":"<ul class=\"display-posts-listing\"><li class=\"listing-item\"><a class=\"title\" href=\"https:\/\/neigierisch.de\/kirchen-ev\/2020\/11\/23\/walber-bleibt-superintendentin\/\">Walber bleibt Superintendentin<\/a><div class=\"content\"><p>Presse-Quelle: Freitag, 20. November 2020, <a href=\"http:\/\/neigierisch.de\/kirchen-ev\/wp-content\/uploads\/sites\/60\/2020\/11\/Nahe-Zeitung-20.11.202017.pdf\" target=\"_blank\" rel=\"noopener noreferrer\">Nahe-Zeitung-20.11.2020[17]<\/a><\/p>\n<figure id=\"attachment_68\" aria-describedby=\"caption-attachment-68\" style=\"width: 243px\" class=\"wp-caption alignleft\"><img loading=\"lazy\" decoding=\"async\" class=\"wp-image-68 size-medium\" src=\"http:\/\/neigierisch.de\/kirchen-ev\/wp-content\/uploads\/sites\/60\/2020\/11\/2594ca7df3d1d19b-243x300.jpg\" alt=\"\" width=\"243\" height=\"300\" srcset=\"https:\/\/neigierisch.de\/kirchen-ev\/wp-content\/uploads\/sites\/60\/2020\/11\/2594ca7df3d1d19b-243x300.jpg 243w, https:\/\/neigierisch.de\/kirchen-ev\/wp-content\/uploads\/sites\/60\/2020\/11\/2594ca7df3d1d19b-250x308.jpg 250w, https:\/\/neigierisch.de\/kirchen-ev\/wp-content\/uploads\/sites\/60\/2020\/11\/2594ca7df3d1d19b.jpg 355w\" sizes=\"auto, (max-width: 243px) 85vw, 243px\" \/><figcaption id=\"caption-attachment-68\" class=\"wp-caption-text\">Jutta Walber<\/figcaption><\/figure>\n<figure id=\"attachment_71\" aria-describedby=\"caption-attachment-71\" style=\"width: 241px\" class=\"wp-caption alignright\"><img loading=\"lazy\" decoding=\"async\" class=\"wp-image-71 size-medium\" src=\"http:\/\/neigierisch.de\/kirchen-ev\/wp-content\/uploads\/sites\/60\/2020\/11\/ef2766a886c295b-241x300.jpg\" alt=\"\" width=\"241\" height=\"300\" srcset=\"https:\/\/neigierisch.de\/kirchen-ev\/wp-content\/uploads\/sites\/60\/2020\/11\/ef2766a886c295b-241x300.jpg 241w, https:\/\/neigierisch.de\/kirchen-ev\/wp-content\/uploads\/sites\/60\/2020\/11\/ef2766a886c295b-250x311.jpg 250w, https:\/\/neigierisch.de\/kirchen-ev\/wp-content\/uploads\/sites\/60\/2020\/11\/ef2766a886c295b.jpg 356w\" sizes=\"auto, (max-width: 241px) 85vw, 241px\" \/><figcaption id=\"caption-attachment-71\" class=\"wp-caption-text\">Arndt Fastenrath<\/figcaption><\/figure>\n<figure id=\"attachment_73\" aria-describedby=\"caption-attachment-73\" style=\"width: 242px\" class=\"wp-caption alignleft\"><img loading=\"lazy\" decoding=\"async\" class=\"wp-image-73 size-medium\" src=\"http:\/\/neigierisch.de\/kirchen-ev\/wp-content\/uploads\/sites\/60\/2020\/11\/4abdbd2ef4929a49-242x300.jpg\" alt=\"\" width=\"242\" height=\"300\" srcset=\"https:\/\/neigierisch.de\/kirchen-ev\/wp-content\/uploads\/sites\/60\/2020\/11\/4abdbd2ef4929a49-242x300.jpg 242w, https:\/\/neigierisch.de\/kirchen-ev\/wp-content\/uploads\/sites\/60\/2020\/11\/4abdbd2ef4929a49-250x310.jpg 250w, https:\/\/neigierisch.de\/kirchen-ev\/wp-content\/uploads\/sites\/60\/2020\/11\/4abdbd2ef4929a49.jpg 355w\" sizes=\"auto, (max-width: 242px) 85vw, 242px\" \/><figcaption id=\"caption-attachment-73\" class=\"wp-caption-text\">Johannes H\u00fclser<\/figcaption><\/figure>\n<p><strong>Obersteiner Pfarrerin wurde bei der j\u00fcngsten Herbstsynode mit 48 Jastimmen und 17 Enthaltungen f\u00fcr weitere acht Jahre wiedergew\u00e4hlt<\/strong><br \/>\nKreis Birkenfeld. Jutta Walber ist f\u00fcr weitere acht Jahre als Superintendentin des Evangelischen Kirchenkreises Obere Nahe wiedergew\u00e4hlt worden. In der als Onlinekonferenz abgehaltenen Herbsttagung der Kreissynode stimmten 48 Teilnehmer f\u00fcr die Obersteiner Pfarrerin, 17 enthielten sich. Neuer Assessor wird Pfarrer Arndt Fastenrath (Kirchengemeinde Idarbachtal). Der 59-J\u00e4hrige wurde mit 64 Jastimmen bei drei Enthaltungen gew\u00e4hlt und tritt die Nachfolge von Pfarrer Klaus K\u00f6hler an, der den Kirchenkreis in Richtung V\u00f6lklingen verlassen hat.<br \/>\nSeit 1992 war Fastenrath Pfarrer in den Kirchengemeinden Idar und Kirschweiler. Seit der Fusion von Idar und Kirschweiler zur Kirchengemeinde Idarbachtal zum 1. Januar 2020 geh\u00f6rt er zum Pfarrteam dieser Gemeinde. Der Offenbacher Pfarrer Johannes H\u00fclser wird k\u00fcnftig die Position des Ersten Skriba in der Leitung des Kirchenkreises einnehmen. Er wurde mit 64 Jastimmen und drei Enthaltungen gew\u00e4hlt. Er tritt die Nachfolge von Pfarrer Manfred Keip (Bosen, S\u00f6tern, Nohfelden) an, der kurzfristig seine Kandidatur zur\u00fcckgezogen hatte. Die bisherige Position H\u00fclsers als zweiter stellvertretender Skriba muss noch besetzt werden.<br \/>\nNicht-theologische Mitglieder des neuen Kreissynodalvorstands (KSV) sind Regina Rau aus Niederbrombach als Synodal\u00e4lteste und als Stellvertreter Andr\u00e9 Bender aus Oberstein. Die Zweite Synodal\u00e4lteste wird erst in vier Jahren gew\u00e4hlt, hier musste jedoch ein Stellvertreter f\u00fcr Dr. Christine Gro\u00dfmann (Birkenfeld) nachgew\u00e4hlt werden. Die Wahl der Synodalen fiel auf Michael Kloos (Fischbach &#8211; Kirn-Sulzbach). Zum Dritten Synodal\u00e4ltesten wurde Reiner Weis (Weierbach-Sien) gew\u00e4hlt, sein Stellvertreter ist Markus Gisch (Wolfersweiler). Als viertes nicht theologisches Mitglied sitzt Wolfgang Veeck (Idarbachtal) im KSV. Seine Stellvertretung \u00fcbernimmt Else Cherdron aus Medard (Medard-Wiesweiler). Gegenkandidaten gab es in keinem der Wahlg\u00e4nge. F\u00fcr alle Kandidaten gab es deutliche Mehrheiten.<br \/>\nIn ihrem Bericht ging die alte und neue Superintendentin zun\u00e4chst auf die f\u00fcnf vergangenen Jahre zur\u00fcck und beleuchtete, was aus vielen angedachten Themen und Projekten geworden ist, bevor sie sich mit dem einschneidenden Jahr 2020, in dem viele Pl\u00e4ne durchkreuzt worden seien, besch\u00e4ftigte.<br \/>\n<strong>Viele Feste abgesagt<\/strong><br \/>\n\u201eW\u00e4hrend im Wesentlichen das Alltagsgesch\u00e4ft geblieben ist, mussten die meisten fr\u00f6hlichen, besonderen Ereignisse und Feste auch in den Kirchengemeinden abgesagt werden. Nicht abgesagt wurde der Umzug des Jugend- und des Kindergartenreferats von der Vollmersbachstra\u00dfe 24a in das Geb\u00e4ude der OIE, Hauptstra\u00dfe 189. Hier gilt mein besonderer Dank den Mitarbeitern der beiden Referate, die diesen Umzug mit viel Engagement geleistet haben. Dank EKD und Landeskirche konnten wir z\u00fcgig eine Lizenz erwerben, die es uns erm\u00f6glicht, online zu tagen. Diese Zoom-Lizenzen wurden vom Kirchenkreis auch allen Gemeinden angeboten. F\u00fcnf Gemeinden haben diese M\u00f6glichkeit f\u00fcr die Gemeindearbeit genutzt. Viele KSV-Sitzungen und zahlreiche Treffen und Konferenzen finden derzeit nicht mehr pr\u00e4sent, sondern digital statt. Das spart Anfahrtszeiten, f\u00fchrt aber zu einer enormen Verdichtung der Termine. In vielen Gemeinden war es komplizierter, aber vielerorts wurden auch neue Wege gefunden, um den Kontakt zu den Menschen zu halten. Ganz besonders belastend waren die Einschr\u00e4nkungen bei Besuchen in Seniorenheimen und Krankenh\u00e4usern sowie die Beschr\u00e4nkungen bei Beerdigungen. Das hat die Menschen sehr schwer getroffen und tut dies auch weiterhin. An dieser Stelle kommt dem Ewigkeitssonntag eine besondere Bedeutung zu. Leider erneut unter erschwerten Bedingungen. Auch die Untersagung von Trauungen, Konfirmationen und Taufen hat tief in unser kirchliches Leben eingegriffen. Die Entscheidung der Absage der Konfirmationen ist vielen Presbyterien schwergefallen. Auch kam es dar\u00fcber zu Zerw\u00fcrfnissen und R\u00fccktritten. Der sonnt\u00e4gliche Gottesdienst war lange Zeit untersagt. Die Kirchen geschlossen \u2013 was als besonders schwierig angesehen wurde. Schlie\u00dflich durften wieder pr\u00e4sentische Gottesdienste gefeiert werden, aber nur mit einem Hygiene-Schutzkonzept und strengen Auflagen, was die Teilnehmerzahlen und die Verteilung im Raum betrifft. Anmeldung und Maske sind Pflicht. Gemeindegesang war und ist nicht erlaubt. Manch eine kleine Kirche bietet einfach nicht den notwendigen Raum, um Abstand halten zu k\u00f6nnen \u2013 wir k\u00f6nnen sie unter den gegebenen Umst\u00e4nden nicht nutzen.<br \/>\nDie eine oder andere Gemeinde hat sich auf den Weg gemacht, Gottesdienste online anzubieten. Aktuell tut dies regelm\u00e4\u00dfig nur noch die Kirchengemeinde Idarbachtal. Auch f\u00fcr das Verwaltungsamt finden Andachten zurzeit nur online statt. Weitere Details zu den Arbeitsbereichen des Kirchenkreises und den Gemeinden entnehmen Sie den Gemeinde- und Fachbereichsberichten. Ich danke allen, die sich in diesen besonderen Zeiten nachhaltig f\u00fcr die Menschen in unserer Kirche engagiert haben.\u201c<br \/>\n<strong>Strukturelle \u00c4nderungen<\/strong><br \/>\nAuch strukturelle \u00c4nderungen gab es: Zum 1. Januar 2020 wurde aus den Kirchengemeinden Idar und Kirschweiler die neue Kirchengemeinde Idarbachtal. Die Kirchengemeinde Nohen wird zum 1. Januar 2021 Teil der Kirchengemeinde Birkenfeld. Der BVA der Kirchengemeinde Georg-Weierbach hat beschlossen, einen Antrag auf Angliederung an die Kirchengemeinde Weierbach-Sien zu stellen. Angedacht war der 1. Januar 2021 \u2013 aktuell ist die Umsetzung f\u00fcr den 1. Januar 2022 angestrebt. Die Kirchengemeinden Oberstein, Nahbollenbach, G\u00f6ttschied und Kirchenbollenbach streben ebenfalls an, bis Januar 2022 ihren Fusionsprozess abgeschlossen zu haben. Zurzeit wird die Kirchengemeinde Schmidthachenbach durch einen BVA geleitet. Es gab nicht gen\u00fcgend Menschen, die sich als Presbyter zur Verf\u00fcgung gestellt haben, geht aus Walbers Bericht hervor.<br \/>\nAber aus den Erfahrungen des Corona-Jahres k\u00f6nne man auch lernen, meint die Superintendentin. \u201eIn den zur\u00fcckliegenden Jahren wurde auf vielf\u00e4ltige Weise sichtbar, dass Kirche sich ver\u00e4ndern muss. Doch insbesondere im vergangenen Jahr ist uns allen bewusst geworden, wie verletzlich wir sind. In solchen Situationen ist es wichtig, dass wir gefunden werden von denen, die uns brauchen, h\u00f6ren, was nottut, wahrnehmen, wo und wie Unterst\u00fctzung m\u00f6glich ist, sowie Kreativit\u00e4t und Innovation vorantreiben. Wir sollten Seelsorge, aber auch Beratung am Telefon und im Chat erm\u00f6glichen, auch mal die ,Schneckenpost&#8216; einsetzen, um Kontakte zu halten, den Ideenaustausch f\u00f6rdern, online f\u00fcr Menschen da sein und Familien auf vielf\u00e4ltige Weise unterst\u00fctzen.\u201c<br \/>\nWeitere Informationen gibt es unter <a href=\"http:\/\/www.obere-nahe.de\" target=\"_blank\" rel=\"noopener noreferrer\">www.obere-nahe.de<\/a><\/p>\n<\/div><\/li><\/ul>\n","protected":false},"excerpt":{"rendered":"","protected":false},"author":41,"featured_media":0,"parent":0,"menu_order":0,"comment_status":"closed","ping_status":"closed","template":"","meta":{"footnotes":""},"class_list":["post-55","page","type-page","status-publish","hentry"],"_links":{"self":[{"href":"https:\/\/neigierisch.de\/kirchen-ev\/wp-json\/wp\/v2\/pages\/55","targetHints":{"allow":["GET"]}}],"collection":[{"href":"https:\/\/neigierisch.de\/kirchen-ev\/wp-json\/wp\/v2\/pages"}],"about":[{"href":"https:\/\/neigierisch.de\/kirchen-ev\/wp-json\/wp\/v2\/types\/page"}],"author":[{"embeddable":true,"href":"https:\/\/neigierisch.de\/kirchen-ev\/wp-json\/wp\/v2\/users\/41"}],"replies":[{"embeddable":true,"href":"https:\/\/neigierisch.de\/kirchen-ev\/wp-json\/wp\/v2\/comments?post=55"}],"version-history":[{"count":21,"href":"https:\/\/neigierisch.de\/kirchen-ev\/wp-json\/wp\/v2\/pages\/55\/revisions"}],"predecessor-version":[{"id":188,"href":"https:\/\/neigierisch.de\/kirchen-ev\/wp-json\/wp\/v2\/pages\/55\/revisions\/188"}],"wp:attachment":[{"href":"https:\/\/neigierisch.de\/kirchen-ev\/wp-json\/wp\/v2\/media?parent=55"}],"curies":[{"name":"wp","href":"https:\/\/api.w.org\/{rel}","templated":true}]}}