{"id":1253,"date":"2022-05-21T19:39:20","date_gmt":"2022-05-21T19:39:20","guid":{"rendered":"https:\/\/neigierisch.de\/anzeigen\/?page_id=1253"},"modified":"2022-06-04T16:16:00","modified_gmt":"2022-06-04T16:16:00","slug":"nachruf","status":"publish","type":"page","link":"https:\/\/neigierisch.de\/anzeigen\/nachruf\/","title":{"rendered":"Bernd Winter"},"content":{"rendered":"<figure id=\"attachment_1298\" aria-describedby=\"caption-attachment-1298\" style=\"width: 300px\" class=\"wp-caption alignnone\"><a href=\"https:\/\/neigierisch.de\/anzeigen\/wp-content\/uploads\/sites\/2\/2022\/05\/20220604-Nachruf-Bernd-Winter.png\" target=\"_blank\" rel=\"noopener\"><img loading=\"lazy\" decoding=\"async\" class=\"wp-image-1298 size-medium\" src=\"https:\/\/neigierisch.de\/anzeigen\/wp-content\/uploads\/sites\/2\/2022\/05\/20220604-Nachruf-Bernd-Winter-300x191.png\" alt=\"\" width=\"300\" height=\"191\" srcset=\"https:\/\/neigierisch.de\/anzeigen\/wp-content\/uploads\/sites\/2\/2022\/05\/20220604-Nachruf-Bernd-Winter-300x191.png 300w, https:\/\/neigierisch.de\/anzeigen\/wp-content\/uploads\/sites\/2\/2022\/05\/20220604-Nachruf-Bernd-Winter-1024x651.png 1024w, https:\/\/neigierisch.de\/anzeigen\/wp-content\/uploads\/sites\/2\/2022\/05\/20220604-Nachruf-Bernd-Winter-768x489.png 768w, https:\/\/neigierisch.de\/anzeigen\/wp-content\/uploads\/sites\/2\/2022\/05\/20220604-Nachruf-Bernd-Winter-1536x977.png 1536w, https:\/\/neigierisch.de\/anzeigen\/wp-content\/uploads\/sites\/2\/2022\/05\/20220604-Nachruf-Bernd-Winter-2048x1303.png 2048w, https:\/\/neigierisch.de\/anzeigen\/wp-content\/uploads\/sites\/2\/2022\/05\/20220604-Nachruf-Bernd-Winter-250x159.png 250w\" sizes=\"auto, (max-width: 300px) 100vw, 300px\" \/><\/a><figcaption id=\"caption-attachment-1298\" class=\"wp-caption-text\">Nachruf f\u00fcr Bernd Winter &#8211; Zum Vergr\u00f6\u00dfern, Bild bitte anklicken!<\/figcaption><\/figure>\n<p>Der Nachruf zum Ausdrucken: <a href=\"https:\/\/neigierisch.de\/anzeigen\/wp-content\/uploads\/sites\/2\/2022\/05\/20220604-Nachruf-Bernd-Winter.pdf\" target=\"_blank\" rel=\"noopener\">Nachruf &#8211; Bernd Winter<\/a><\/p>\n","protected":false},"excerpt":{"rendered":"<p>Der Nachruf zum Ausdrucken: Nachruf &#8211; Bernd Winter<\/p>\n","protected":false},"author":1,"featured_media":0,"parent":0,"menu_order":0,"comment_status":"closed","ping_status":"closed","template":"page-templates\/template-full-width.php","meta":{"footnotes":""},"class_list":["post-1253","page","type-page","status-publish","hentry","has_thumb"],"_links":{"self":[{"href":"https:\/\/neigierisch.de\/anzeigen\/wp-json\/wp\/v2\/pages\/1253","targetHints":{"allow":["GET"]}}],"collection":[{"href":"https:\/\/neigierisch.de\/anzeigen\/wp-json\/wp\/v2\/pages"}],"about":[{"href":"https:\/\/neigierisch.de\/anzeigen\/wp-json\/wp\/v2\/types\/page"}],"author":[{"embeddable":true,"href":"https:\/\/neigierisch.de\/anzeigen\/wp-json\/wp\/v2\/users\/1"}],"replies":[{"embeddable":true,"href":"https:\/\/neigierisch.de\/anzeigen\/wp-json\/wp\/v2\/comments?post=1253"}],"version-history":[{"count":8,"href":"https:\/\/neigierisch.de\/anzeigen\/wp-json\/wp\/v2\/pages\/1253\/revisions"}],"predecessor-version":[{"id":1303,"href":"https:\/\/neigierisch.de\/anzeigen\/wp-json\/wp\/v2\/pages\/1253\/revisions\/1303"}],"wp:attachment":[{"href":"https:\/\/neigierisch.de\/anzeigen\/wp-json\/wp\/v2\/media?parent=1253"}],"curies":[{"name":"wp","href":"https:\/\/api.w.org\/{rel}","templated":true}]}}